{"id":10,"date":"2024-07-13T17:25:39","date_gmt":"2024-07-13T17:25:39","guid":{"rendered":"https:\/\/behindertenvertrauensperson.at\/?page_id=10"},"modified":"2024-07-13T17:25:39","modified_gmt":"2024-07-13T17:25:39","slug":"privacy-policy","status":"publish","type":"page","link":"https:\/\/behindertenvertrauensperson.at\/index.php\/privacy-policy\/","title":{"rendered":"Privacy Policy"},"content":{"rendered":"<p><strong>Datenschutzrichtlinie f\u00fcr Behindertenvertrauensperson Graz<\/strong><\/p>\n<p>G\u00fcltig ab: 13\/07\/2024<\/p>\n<p>Bei der Behindertenvertrauensperson Graz, erreichbar unter <a href=\"http:\/\/www.behindertenvertrauensperson.at\" target=\"_new\" rel=\"noreferrer noopener\">\u00a0behindertenvertrauensperson.at<\/a>, ist der Schutz Ihrer pers\u00f6nlichen Daten ein Hauptanliegen. Diese Datenschutzrichtlinie enth\u00e4lt Informationen dar\u00fcber, welche Arten von Informationen durch die Behindertenvertrauensperson Graz gesammelt und aufgezeichnet werden und wie wir diese verwenden.<\/p>\n<p><strong>1. Allgemeine Informationen<\/strong><\/p>\n<p>Diese Richtlinie gilt f\u00fcr alle Informationen, die \u00fcber unsere Website und\/oder \u00fcber damit verbundene Dienstleistungen, Verk\u00e4ufe, Marketing oder Veranstaltungen gesammelt werden.<\/p>\n<p><strong>2. Erfassung der Informationen<\/strong><\/p>\n<p>Wenn Sie unsere Website besuchen, erfassen wir automatisch bestimmte Informationen \u00fcber Ihr Ger\u00e4t, einschlie\u00dflich Informationen \u00fcber Ihren Webbrowser, IP-Adresse, Zeitzone und einige der Cookies, die auf Ihrem Ger\u00e4t installiert sind. Dar\u00fcber hinaus sammeln wir Informationen \u00fcber die einzelnen Webseiten oder Produkte, die Sie ansehen, welche Websites oder Suchbegriffe Sie auf die Seite gebracht haben, und Informationen dar\u00fcber, wie Sie mit der Seite interagieren.<\/p>\n<p><strong>3. Verwendung Ihrer Informationen<\/strong><\/p>\n<p>Wir verwenden die gesammelten Informationen auf verschiedene Weisen, unter anderem um:<\/p>\n<ul>\n<li>Unsere Website zu betreiben und zu pflegen;<\/li>\n<li>Verbesserungen, Anpassungen und die Erweiterung unserer Website vorzunehmen;<\/li>\n<li>Ihr Surferlebnis zu verstehen und zu analysieren, wie Sie die Dienste nutzen;<\/li>\n<li>Neue Produkte, Dienstleistungen, Features und Funktionalit\u00e4ten entwickeln;<\/li>\n<li>Mit Ihnen direkt oder \u00fcber einen unserer Partner zu kommunizieren, einschlie\u00dflich f\u00fcr Kundendienst, um Sie \u00fcber Updates und andere Informationen bez\u00fcglich der Website zu informieren, und f\u00fcr Marketing- und Werbezwecke;<\/li>\n<li>Ihnen E-Mails zu senden;<\/li>\n<li>Betrug zu finden und zu verhindern.<\/li>\n<\/ul>\n<p><strong>4. Datenschutz<\/strong><\/p>\n<p>Die Sicherheit Ihrer Daten ist uns wichtig, aber denken Sie daran, dass keine Methode der \u00dcbertragung \u00fcber das Internet oder Methode der elektronischen Speicherung 100% sicher ist. W\u00e4hrend wir uns bem\u00fchen, kommerziell annehmbare Mittel zum Schutz Ihrer pers\u00f6nlichen Daten zu verwenden, k\u00f6nnen wir deren absolute Sicherheit nicht garantieren.<\/p>\n<p><strong>5. \u00c4nderungen an dieser Datenschutzrichtlinie<\/strong><\/p>\n<p>Wir k\u00f6nnen unsere Datenschutzrichtlinie von Zeit zu Zeit aktualisieren. Wir werden Sie \u00fcber alle \u00c4nderungen informieren, indem wir die neue Datenschutzrichtlinie auf dieser Seite ver\u00f6ffentlichen. Wir empfehlen Ihnen, diese Datenschutzrichtlinie regelm\u00e4\u00dfig auf \u00c4nderungen zu \u00fcberpr\u00fcfen. \u00c4nderungen dieser Datenschutzrichtlinie sind wirksam, wenn sie auf dieser Seite ver\u00f6ffentlicht werden.<\/p>\n<p><strong>Kontaktieren Sie uns<\/strong><\/p>\n<p>Wenn Sie Fragen zu dieser Datenschutzrichtlinie haben, k\u00f6nnen Sie uns kontaktieren \u00fcber:<\/p>\n<p>E-Mail: <a rel=\"noreferrer\">contact@behindertenvertrauensperson.at<\/a><\/p>\n","protected":false},"excerpt":{"rendered":"<p>Datenschutzrichtlinie f\u00fcr Behindertenvertrauensperson Graz G\u00fcltig ab: 13\/07\/2024 Bei der Behindertenvertrauensperson Graz, erreichbar unter \u00a0behindertenvertrauensperson.at, ist der Schutz Ihrer pers\u00f6nlichen Daten ein Hauptanliegen. Diese Datenschutzrichtlinie enth\u00e4lt Informationen dar\u00fcber, welche Arten von Informationen durch die Behindertenvertrauensperson Graz gesammelt und aufgezeichnet werden und wie wir diese verwenden. 1. Allgemeine Informationen Diese Richtlinie gilt f\u00fcr alle Informationen, die \u00fcber&#8230;<\/p>\n","protected":false},"author":1,"featured_media":0,"parent":0,"menu_order":0,"comment_status":"closed","ping_status":"closed","template":"","meta":{"footnotes":""},"_links":{"self":[{"href":"https:\/\/behindertenvertrauensperson.at\/index.php\/wp-json\/wp\/v2\/pages\/10"}],"collection":[{"href":"https:\/\/behindertenvertrauensperson.at\/index.php\/wp-json\/wp\/v2\/pages"}],"about":[{"href":"https:\/\/behindertenvertrauensperson.at\/index.php\/wp-json\/wp\/v2\/types\/page"}],"author":[{"embeddable":true,"href":"https:\/\/behindertenvertrauensperson.at\/index.php\/wp-json\/wp\/v2\/users\/1"}],"replies":[{"embeddable":true,"href":"https:\/\/behindertenvertrauensperson.at\/index.php\/wp-json\/wp\/v2\/comments?post=10"}],"version-history":[{"count":1,"href":"https:\/\/behindertenvertrauensperson.at\/index.php\/wp-json\/wp\/v2\/pages\/10\/revisions"}],"predecessor-version":[{"id":11,"href":"https:\/\/behindertenvertrauensperson.at\/index.php\/wp-json\/wp\/v2\/pages\/10\/revisions\/11"}],"wp:attachment":[{"href":"https:\/\/behindertenvertrauensperson.at\/index.php\/wp-json\/wp\/v2\/media?parent=10"}],"curies":[{"name":"wp","href":"https:\/\/api.w.org\/{rel}","templated":true}]}}