{"id":25,"date":"2024-07-14T10:41:30","date_gmt":"2024-07-14T10:41:30","guid":{"rendered":"https:\/\/behindertenvertrauensperson.at\/?page_id=25"},"modified":"2024-07-14T10:41:45","modified_gmt":"2024-07-14T10:41:45","slug":"dienstleistungen","status":"publish","type":"page","link":"https:\/\/behindertenvertrauensperson.at\/index.php\/dienstleistungen\/","title":{"rendered":"Dienstleistungen"},"content":{"rendered":"<h3><strong>Dienstleistungen<\/strong><\/h3>\n<p><strong>Umfassende Unterst\u00fctzung f\u00fcr Menschen mit Behinderungen<\/strong><\/p>\n<p><strong>Beratungsdienste:<\/strong> Wir bieten Einzelberatungen an, um auf spezifische Bed\u00fcrfnisse und Anliegen einzugehen, von rechtlichen Fragen bis hin zu allt\u00e4glichen Herausforderungen.<\/p>\n<p><strong>Vertretung:<\/strong> Wir setzen uns bei st\u00e4dtischen Beh\u00f6rden f\u00fcr die Belange von Menschen mit Behinderungen ein und streben nach einer stetigen Verbesserung der st\u00e4dtischen Infrastruktur und Dienstleistungen.<\/p>\n<p><strong>Workshops und Schulungen:<\/strong> Regelm\u00e4\u00dfig organisieren wir Veranstaltungen zur Sensibilisierung und Weiterbildung f\u00fcr Betroffene und Interessierte.<\/p>\n<p><strong>Netzwerkaufbau:<\/strong> Durch regelm\u00e4\u00dfige Treffen und Kooperationen mit anderen Organisationen f\u00f6rdern wir den Austausch und die Unterst\u00fctzung innerhalb der Gemeinschaft.<\/p>\n","protected":false},"excerpt":{"rendered":"<p>Dienstleistungen Umfassende Unterst\u00fctzung f\u00fcr Menschen mit Behinderungen Beratungsdienste: Wir bieten Einzelberatungen an, um auf spezifische Bed\u00fcrfnisse und Anliegen einzugehen, von rechtlichen Fragen bis hin zu allt\u00e4glichen Herausforderungen. Vertretung: Wir setzen uns bei st\u00e4dtischen Beh\u00f6rden f\u00fcr die Belange von Menschen mit Behinderungen ein und streben nach einer stetigen Verbesserung der st\u00e4dtischen Infrastruktur und Dienstleistungen. Workshops und&#8230;<\/p>\n","protected":false},"author":1,"featured_media":0,"parent":0,"menu_order":0,"comment_status":"closed","ping_status":"closed","template":"","meta":{"footnotes":""},"_links":{"self":[{"href":"https:\/\/behindertenvertrauensperson.at\/index.php\/wp-json\/wp\/v2\/pages\/25"}],"collection":[{"href":"https:\/\/behindertenvertrauensperson.at\/index.php\/wp-json\/wp\/v2\/pages"}],"about":[{"href":"https:\/\/behindertenvertrauensperson.at\/index.php\/wp-json\/wp\/v2\/types\/page"}],"author":[{"embeddable":true,"href":"https:\/\/behindertenvertrauensperson.at\/index.php\/wp-json\/wp\/v2\/users\/1"}],"replies":[{"embeddable":true,"href":"https:\/\/behindertenvertrauensperson.at\/index.php\/wp-json\/wp\/v2\/comments?post=25"}],"version-history":[{"count":2,"href":"https:\/\/behindertenvertrauensperson.at\/index.php\/wp-json\/wp\/v2\/pages\/25\/revisions"}],"predecessor-version":[{"id":28,"href":"https:\/\/behindertenvertrauensperson.at\/index.php\/wp-json\/wp\/v2\/pages\/25\/revisions\/28"}],"wp:attachment":[{"href":"https:\/\/behindertenvertrauensperson.at\/index.php\/wp-json\/wp\/v2\/media?parent=25"}],"curies":[{"name":"wp","href":"https:\/\/api.w.org\/{rel}","templated":true}]}}